{"id":1419,"date":"2020-12-09T19:55:46","date_gmt":"2020-12-09T16:55:46","guid":{"rendered":"http:\/\/coletti.com.tr\/?page_id=1419"},"modified":"2020-12-09T19:56:12","modified_gmt":"2020-12-09T16:56:12","slug":"ueber-uns","status":"publish","type":"page","link":"https:\/\/coletti.com.tr\/de\/ueber-uns\/","title":{"rendered":"\u00dcber uns"},"content":{"rendered":"<p><div class=\"fusion-fullwidth fullwidth-box nonhundred-percent-fullwidth non-hundred-percent-height-scrolling\"  style='background-color: rgba(255,255,255,0);background-position: center center;background-repeat: no-repeat;padding-top:0px;padding-right:0px;padding-bottom:0px;padding-left:0px;'><div class=\"fusion-builder-row fusion-row \"><div  class=\"fusion-layout-column fusion_builder_column fusion_builder_column_1_1  fusion-one-full fusion-column-first fusion-column-last 1_1\"  style='margin-top:0px;margin-bottom:20px;'>\n\t\t\t\t\t<div class=\"fusion-column-wrapper\" style=\"padding: 0px 0px 0px 0px;background-position:left top;background-repeat:no-repeat;-webkit-background-size:cover;-moz-background-size:cover;-o-background-size:cover;background-size:cover;\"  data-bg-url=\"\">\n\t\t\t\t\t\t<div class=\"fusion-title title fusion-title-size-one\" style=\"margin-top:0px;margin-bottom:31px;\"><h1 class=\"title-heading-left\">\u00dcber uns<\/h1><div class=\"title-sep-container\"><div class=\"title-sep sep-single sep-solid\" style=\"border-color:#e0dede;\"><\/div><\/div><\/div><div class=\"fusion-clearfix\"><\/div>\n\n\t\t\t\t\t<\/div>\n\t\t\t\t<\/div><\/div><\/div><div class=\"fusion-fullwidth fullwidth-box nonhundred-percent-fullwidth non-hundred-percent-height-scrolling\"  style='background-color: rgba(255,255,255,0);background-position: center center;background-repeat: no-repeat;padding-top:0px;padding-right:0px;padding-bottom:0px;padding-left:0px;'><div class=\"fusion-builder-row fusion-row \"><div  class=\"fusion-layout-column fusion_builder_column fusion_builder_column_1_2  fusion-one-half fusion-column-first 1_2\"  style='margin-top:0px;margin-bottom:20px;width:50%;width:calc(50% - ( ( 4% ) * 0.5 ) );margin-right: 4%;'>\n\t\t\t\t\t<div class=\"fusion-column-wrapper\" style=\"padding: 0px 0px 0px 0px;background-position:left top;background-repeat:no-repeat;-webkit-background-size:cover;-moz-background-size:cover;-o-background-size:cover;background-size:cover;\"  data-bg-url=\"\">\n\t\t\t\t\t\t<div class=\"fusion-text\"><p><img class=\"alignnone size-full wp-image-520\" src=\"http:\/\/coletti.com.tr\/wp-content\/uploads\/2020\/11\/showroom-corporate-2.jpg\" alt=\"\" width=\"706\" height=\"650\" srcset=\"https:\/\/coletti.com.tr\/wp-content\/uploads\/2020\/11\/showroom-corporate-2-200x184.jpg 200w, https:\/\/coletti.com.tr\/wp-content\/uploads\/2020\/11\/showroom-corporate-2-300x276.jpg 300w, https:\/\/coletti.com.tr\/wp-content\/uploads\/2020\/11\/showroom-corporate-2-400x368.jpg 400w, https:\/\/coletti.com.tr\/wp-content\/uploads\/2020\/11\/showroom-corporate-2-600x552.jpg 600w, https:\/\/coletti.com.tr\/wp-content\/uploads\/2020\/11\/showroom-corporate-2.jpg 706w\" sizes=\"(max-width: 706px) 100vw, 706px\" \/><\/p>\n<\/div><div class=\"fusion-clearfix\"><\/div>\n\n\t\t\t\t\t<\/div>\n\t\t\t\t<\/div><div  class=\"fusion-layout-column fusion_builder_column fusion_builder_column_1_2  fusion-one-half fusion-column-last fusion-column-no-min-height 1_2\"  style='margin-top:0px;margin-bottom:20px;width:50%;width:calc(50% - ( ( 4% ) * 0.5 ) );'>\n\t\t\t\t\t<div class=\"fusion-column-wrapper\" style=\"padding: 0px 0px 0px 0px;background-position:left top;background-repeat:no-repeat;-webkit-background-size:cover;-moz-background-size:cover;-o-background-size:cover;background-size:cover;\"  data-bg-url=\"\">\n\t\t\t\t\t\t<div class=\"fusion-text\"><p><strong>Coletti Toroson<\/strong> ist ein Oberbekleidung Hersteller der 1993 in der T\u00fcrkei in \u0130stanbul gegr\u00fcndet wurde. Coletti ist spezialisiert in der Herstellung von qualitativ hochwertiger Oberbekleidung f\u00fcr Frauen und M\u00e4nner, wie z.B. Blousons, Bomberjacken, Pufferjacken, Steppjacken, M\u00e4ntel, Trenchcoats, Parkas, Regenm\u00e4ntel, und Westen. Unsere Jacken und M\u00e4ntel bestehen grundlegend aus Polyester, Wolle, Baumwolle oder jegliche Arten von Mischgewebe. Accessoires, Stoffe und alle weiteren Zutaten k\u00f6nnen von unserem Team, nach den Anforderungen unserer Kunden, alle beschafft werden.<\/p>\n<p>Alle Kleidungsst\u00fccke werden in unserer eigenen Produktionsst\u00e4tte, mit ca. 1500m2 Fl\u00e4che, in Merter\/Istanbul hergestellt. Der gesamte Produktionsprozess wird innerhalb unserer Struktur durchgef\u00fchrt (Musterherstellung, Schneiden, N\u00e4hen und Qualit\u00e4tskontrolle). Unsere monatliche Kapazit\u00e4t betr\u00e4gt 5.000 \u2013 7.000 St\u00fcck.<\/p>\n<p>Wir haben mehr als 300 Modelle in unserer Kollektion. Unsere Kunden k\u00f6nnen sich von diesen Modellen inspirieren lassen oder gerne auch Ihr eigenes Design und Style uns zukommen lassen. Wir bieten unseren Kunden einen kompletten (vollst\u00e4ndig faktorisierten) Produktionsservice.<\/p>\n<p>Wir arbeiten mit vielen L\u00e4ndern wie Bulgarien, Tschechien, Deutschland, Griechenland, Frankreich, Italien, der Slowakei, und Russland zusammen.<\/p>\n<\/div><div class=\"fusion-modal modal fade modal-1 wed\" tabindex=\"-1\" role=\"dialog\" aria-labelledby=\"modal-heading-1\" aria-hidden=\"true\"><style type=\"text\/css\">.modal-1 .modal-header, .modal-1 .modal-footer{border-color:#ebebeb;}<\/style><div class=\"modal-dialog modal-lg\"><div class=\"modal-content fusion-modal-content\" style=\"background-color:#f6f6f6\"><div class=\"modal-header\"><button class=\"close\" type=\"button\" data-dismiss=\"modal\" aria-hidden=\"true\">&times;<\/button><h3 class=\"modal-title\" id=\"modal-heading-1\" data-dismiss=\"modal\" aria-hidden=\"true\">wqedweqfwfvwef<\/h3><\/div><div class=\"modal-body\">\n<p>sdfgdf gs dfgsdfh sfh sgh<\/p>\n<\/div><div class=\"modal-footer\"><a class=\"fusion-button button-default button-medium button default medium\" data-dismiss=\"modal\">Close<\/a><\/div><\/div><\/div><\/div><div class=\"fusion-clearfix\"><\/div>\n\n\t\t\t\t\t<\/div>\n\t\t\t\t<\/div><\/div><\/div><\/p>\n","protected":false},"excerpt":{"rendered":"","protected":false},"author":1,"featured_media":0,"parent":0,"menu_order":0,"comment_status":"closed","ping_status":"closed","template":"","meta":[],"_links":{"self":[{"href":"https:\/\/coletti.com.tr\/de\/wp-json\/wp\/v2\/pages\/1419"}],"collection":[{"href":"https:\/\/coletti.com.tr\/de\/wp-json\/wp\/v2\/pages"}],"about":[{"href":"https:\/\/coletti.com.tr\/de\/wp-json\/wp\/v2\/types\/page"}],"author":[{"embeddable":true,"href":"https:\/\/coletti.com.tr\/de\/wp-json\/wp\/v2\/users\/1"}],"replies":[{"embeddable":true,"href":"https:\/\/coletti.com.tr\/de\/wp-json\/wp\/v2\/comments?post=1419"}],"version-history":[{"count":2,"href":"https:\/\/coletti.com.tr\/de\/wp-json\/wp\/v2\/pages\/1419\/revisions"}],"predecessor-version":[{"id":1421,"href":"https:\/\/coletti.com.tr\/de\/wp-json\/wp\/v2\/pages\/1419\/revisions\/1421"}],"wp:attachment":[{"href":"https:\/\/coletti.com.tr\/de\/wp-json\/wp\/v2\/media?parent=1419"}],"curies":[{"name":"wp","href":"https:\/\/api.w.org\/{rel}","templated":true}]}}