{"id":1455,"date":"2020-12-09T20:21:51","date_gmt":"2020-12-09T17:21:51","guid":{"rendered":"http:\/\/coletti.com.tr\/?page_id=1455"},"modified":"2020-12-09T21:24:10","modified_gmt":"2020-12-09T18:24:10","slug":"naeherei","status":"publish","type":"page","link":"https:\/\/coletti.com.tr\/de\/naeherei\/","title":{"rendered":"N\u00e4herei"},"content":{"rendered":"<div class=\"fusion-fullwidth fullwidth-box nonhundred-percent-fullwidth non-hundred-percent-height-scrolling\"  style='background-color: rgba(255,255,255,0);background-position: center center;background-repeat: no-repeat;padding-top:0px;padding-right:0px;padding-bottom:0px;padding-left:0px;'><div class=\"fusion-builder-row fusion-row \"><div  class=\"fusion-layout-column fusion_builder_column fusion_builder_column_2_3  fusion-two-third fusion-column-first 2_3\"  style='margin-top:0px;margin-bottom:20px;width:66.66%;width:calc(66.66% - ( ( 4% ) * 0.6666 ) );margin-right: 4%;'>\n\t\t\t\t\t<div class=\"fusion-column-wrapper\" style=\"padding: 0px 0px 0px 0px;background-position:left top;background-repeat:no-repeat;-webkit-background-size:cover;-moz-background-size:cover;-o-background-size:cover;background-size:cover;\"  data-bg-url=\"\">\n\t\t\t\t\t\t<div class=\"fusion-title title fusion-title-size-one\" style=\"margin-top:0px;margin-bottom:31px;\"><h1 class=\"title-heading-left\">N\u00e4herei<\/h1><div class=\"title-sep-container\"><div class=\"title-sep sep-single sep-solid\" style=\"border-color:#e0dede;\"><\/div><\/div><\/div><div class=\"fusion-text\"><p>F\u00fcr die Herstellung unserer hochwertigen Kleidungsst\u00fccke verwendet unser professionelles Team N\u00e4hger\u00e4te der neuesten Technologie.<\/p>\n<\/div><div class=\"fusion-image-carousel fusion-image-carousel-auto lightbox-enabled fusion-carousel-border\"><div class=\"fusion-carousel\" data-autoplay=\"yes\" data-columns=\"5\" data-itemmargin=\"13\" data-itemwidth=\"180\" data-touchscroll=\"no\" data-imagesize=\"auto\"><div class=\"fusion-carousel-positioner\"><ul class=\"fusion-carousel-holder\"><li class=\"fusion-carousel-item\"><div class=\"fusion-carousel-item-wrapper\"><div class=\"fusion-image-wrapper hover-type-zoomin\"><a data-rel=\"iLightbox[gallery_image_1]\" data-title=\"sewing-1-1\" aria-label=\"sewing-1-1\" href=\"http:\/\/coletti.com.tr\/wp-content\/uploads\/2020\/10\/sewing-1-1.jpg\" target=\"_self\"><img width=\"1386\" height=\"923\" src=\"https:\/\/coletti.com.tr\/wp-content\/uploads\/2020\/10\/sewing-1-1.jpg\" class=\"attachment-full size-full\" alt=\"\" srcset=\"https:\/\/coletti.com.tr\/wp-content\/uploads\/2020\/10\/sewing-1-1-200x133.jpg 200w, https:\/\/coletti.com.tr\/wp-content\/uploads\/2020\/10\/sewing-1-1-300x200.jpg 300w, https:\/\/coletti.com.tr\/wp-content\/uploads\/2020\/10\/sewing-1-1-400x266.jpg 400w, https:\/\/coletti.com.tr\/wp-content\/uploads\/2020\/10\/sewing-1-1-600x400.jpg 600w, https:\/\/coletti.com.tr\/wp-content\/uploads\/2020\/10\/sewing-1-1-768x511.jpg 768w, https:\/\/coletti.com.tr\/wp-content\/uploads\/2020\/10\/sewing-1-1-800x533.jpg 800w, https:\/\/coletti.com.tr\/wp-content\/uploads\/2020\/10\/sewing-1-1-1024x682.jpg 1024w, https:\/\/coletti.com.tr\/wp-content\/uploads\/2020\/10\/sewing-1-1-1200x799.jpg 1200w, https:\/\/coletti.com.tr\/wp-content\/uploads\/2020\/10\/sewing-1-1.jpg 1386w\" sizes=\"(max-width: 1386px) 100vw, 1386px\" \/><\/a><\/div><\/div><\/li><li class=\"fusion-carousel-item\"><div class=\"fusion-carousel-item-wrapper\"><div class=\"fusion-image-wrapper hover-type-zoomin\"><a data-rel=\"iLightbox[gallery_image_1]\" data-title=\"sewing-2\" aria-label=\"sewing-2\" href=\"http:\/\/coletti.com.tr\/wp-content\/uploads\/2020\/10\/sewing-2.jpg\" target=\"_self\"><img width=\"1386\" height=\"923\" src=\"https:\/\/coletti.com.tr\/wp-content\/uploads\/2020\/10\/sewing-2.jpg\" class=\"attachment-full size-full\" alt=\"\" srcset=\"https:\/\/coletti.com.tr\/wp-content\/uploads\/2020\/10\/sewing-2-200x133.jpg 200w, https:\/\/coletti.com.tr\/wp-content\/uploads\/2020\/10\/sewing-2-300x200.jpg 300w, https:\/\/coletti.com.tr\/wp-content\/uploads\/2020\/10\/sewing-2-400x266.jpg 400w, https:\/\/coletti.com.tr\/wp-content\/uploads\/2020\/10\/sewing-2-600x400.jpg 600w, https:\/\/coletti.com.tr\/wp-content\/uploads\/2020\/10\/sewing-2-768x511.jpg 768w, https:\/\/coletti.com.tr\/wp-content\/uploads\/2020\/10\/sewing-2-800x533.jpg 800w, https:\/\/coletti.com.tr\/wp-content\/uploads\/2020\/10\/sewing-2-1024x682.jpg 1024w, https:\/\/coletti.com.tr\/wp-content\/uploads\/2020\/10\/sewing-2-1200x799.jpg 1200w, https:\/\/coletti.com.tr\/wp-content\/uploads\/2020\/10\/sewing-2.jpg 1386w\" sizes=\"(max-width: 1386px) 100vw, 1386px\" \/><\/a><\/div><\/div><\/li><\/ul><div class=\"fusion-carousel-nav\"><span class=\"fusion-nav-prev\"><\/span><span class=\"fusion-nav-next\"><\/span><\/div><\/div><\/div><\/div><div class=\"fusion-clearfix\"><\/div>\n\n\t\t\t\t\t<\/div>\n\t\t\t\t<\/div><div  class=\"fusion-layout-column fusion_builder_column fusion_builder_column_1_3  fusion-one-third fusion-column-last 1_3\"  style='margin-top:0px;margin-bottom:20px;width:33.33%;width:calc(33.33% - ( ( 4% ) * 0.3333 ) );'>\n\t\t\t\t\t<div class=\"fusion-column-wrapper\" style=\"padding: 0px 0px 0px 0px;background-position:left top;background-repeat:no-repeat;-webkit-background-size:cover;-moz-background-size:cover;-o-background-size:cover;background-size:cover;\"  data-bg-url=\"\">\n\t\t\t\t\t\t<div class=\"fusion-title title fusion-title-size-two\" style=\"margin-top:0px;margin-bottom:31px;\"><h2 class=\"title-heading-left\">Produktionsprozesse<\/h2><div class=\"title-sep-container\"><div class=\"title-sep sep-single sep-solid\" style=\"border-color:#e0dede;\"><\/div><\/div><\/div><div class=\"fusion-widget-area fusion-widget-area-1 fusion-content-widget-area\"><style type=\"text\/css\" scoped=\"scoped\">.fusion-widget-area-1 {padding:0px 0px 0px 0px;}.fusion-widget-area-1 .widget h4 {color:#333333;}.fusion-widget-area-1 .widget .heading h4 {color:#333333;}<\/style><div id=\"nav_menu-6\" class=\"widget widget_nav_menu\"><div class=\"menu-production-sag-container\"><ul id=\"menu-production-sag\" class=\"menu\"><li id=\"menu-item-1522\" class=\"menu-item menu-item-type-post_type menu-item-object-page menu-item-1522\"><a href=\"https:\/\/coletti.com.tr\/de\/modellbau\/\">Modellbau<\/a><\/li>\n<li id=\"menu-item-1519\" class=\"menu-item menu-item-type-post_type menu-item-object-page menu-item-1519\"><a href=\"https:\/\/coletti.com.tr\/de\/naeherei\/\">N\u00e4herei<\/a><\/li>\n<li id=\"menu-item-1520\" class=\"menu-item menu-item-type-post_type menu-item-object-page menu-item-1520\"><a href=\"https:\/\/coletti.com.tr\/de\/qualitaetskontrolle-und-finalisierung\/\">Qualit\u00e4tskontrolle und Finalisierung<\/a><\/li>\n<li id=\"menu-item-1521\" class=\"menu-item menu-item-type-post_type menu-item-object-page menu-item-1521\"><a href=\"https:\/\/coletti.com.tr\/de\/produktlager-und-logistik\/\">Produktlager und Logistik<\/a><\/li>\n<\/ul><\/div><\/div><div class=\"fusion-additional-widget-content\"><\/div><\/div><div class=\"fusion-clearfix\"><\/div>\n\n\t\t\t\t\t<\/div>\n\t\t\t\t<\/div><\/div><\/div>\n","protected":false},"excerpt":{"rendered":"","protected":false},"author":1,"featured_media":0,"parent":0,"menu_order":0,"comment_status":"closed","ping_status":"closed","template":"","meta":[],"_links":{"self":[{"href":"https:\/\/coletti.com.tr\/de\/wp-json\/wp\/v2\/pages\/1455"}],"collection":[{"href":"https:\/\/coletti.com.tr\/de\/wp-json\/wp\/v2\/pages"}],"about":[{"href":"https:\/\/coletti.com.tr\/de\/wp-json\/wp\/v2\/types\/page"}],"author":[{"embeddable":true,"href":"https:\/\/coletti.com.tr\/de\/wp-json\/wp\/v2\/users\/1"}],"replies":[{"embeddable":true,"href":"https:\/\/coletti.com.tr\/de\/wp-json\/wp\/v2\/comments?post=1455"}],"version-history":[{"count":3,"href":"https:\/\/coletti.com.tr\/de\/wp-json\/wp\/v2\/pages\/1455\/revisions"}],"predecessor-version":[{"id":1515,"href":"https:\/\/coletti.com.tr\/de\/wp-json\/wp\/v2\/pages\/1455\/revisions\/1515"}],"wp:attachment":[{"href":"https:\/\/coletti.com.tr\/de\/wp-json\/wp\/v2\/media?parent=1455"}],"curies":[{"name":"wp","href":"https:\/\/api.w.org\/{rel}","templated":true}]}}