{"id":1189,"date":"2020-12-03T20:42:37","date_gmt":"2020-12-03T17:42:37","guid":{"rendered":"http:\/\/coletti.com.tr\/?page_id=1189"},"modified":"2020-12-03T20:43:18","modified_gmt":"2020-12-03T17:43:18","slug":"entreprise","status":"publish","type":"page","link":"https:\/\/coletti.com.tr\/fr\/entreprise\/","title":{"rendered":"Entreprise"},"content":{"rendered":"<p><div class=\"fusion-fullwidth fullwidth-box nonhundred-percent-fullwidth non-hundred-percent-height-scrolling\"  style='background-color: rgba(255,255,255,0);background-position: center center;background-repeat: no-repeat;padding-top:0px;padding-right:0px;padding-bottom:0px;padding-left:0px;'><div class=\"fusion-builder-row fusion-row \"><div  class=\"fusion-layout-column fusion_builder_column fusion_builder_column_1_1  fusion-one-full fusion-column-first fusion-column-last 1_1\"  style='margin-top:0px;margin-bottom:20px;'>\n\t\t\t\t\t<div class=\"fusion-column-wrapper\" style=\"padding: 0px 0px 0px 0px;background-position:left top;background-repeat:no-repeat;-webkit-background-size:cover;-moz-background-size:cover;-o-background-size:cover;background-size:cover;\"  data-bg-url=\"\">\n\t\t\t\t\t\t<div class=\"fusion-title title fusion-title-size-one\" style=\"margin-top:0px;margin-bottom:31px;\"><h1 class=\"title-heading-left\">Entreprise<\/h1><div class=\"title-sep-container\"><div class=\"title-sep sep-single sep-solid\" style=\"border-color:#e0dede;\"><\/div><\/div><\/div><div class=\"fusion-clearfix\"><\/div>\n\n\t\t\t\t\t<\/div>\n\t\t\t\t<\/div><\/div><\/div><div class=\"fusion-fullwidth fullwidth-box nonhundred-percent-fullwidth non-hundred-percent-height-scrolling\"  style='background-color: rgba(255,255,255,0);background-position: center center;background-repeat: no-repeat;padding-top:0px;padding-right:0px;padding-bottom:0px;padding-left:0px;'><div class=\"fusion-builder-row fusion-row \"><div  class=\"fusion-layout-column fusion_builder_column fusion_builder_column_1_2  fusion-one-half fusion-column-first 1_2\"  style='margin-top:0px;margin-bottom:20px;width:50%;width:calc(50% - ( ( 4% ) * 0.5 ) );margin-right: 4%;'>\n\t\t\t\t\t<div class=\"fusion-column-wrapper\" style=\"padding: 0px 0px 0px 0px;background-position:left top;background-repeat:no-repeat;-webkit-background-size:cover;-moz-background-size:cover;-o-background-size:cover;background-size:cover;\"  data-bg-url=\"\">\n\t\t\t\t\t\t<div class=\"fusion-text\"><p><img class=\"alignnone size-full wp-image-520\" src=\"http:\/\/coletti.com.tr\/wp-content\/uploads\/2020\/11\/showroom-corporate-2.jpg\" alt=\"\" width=\"706\" height=\"650\" srcset=\"https:\/\/coletti.com.tr\/wp-content\/uploads\/2020\/11\/showroom-corporate-2-200x184.jpg 200w, https:\/\/coletti.com.tr\/wp-content\/uploads\/2020\/11\/showroom-corporate-2-300x276.jpg 300w, https:\/\/coletti.com.tr\/wp-content\/uploads\/2020\/11\/showroom-corporate-2-400x368.jpg 400w, https:\/\/coletti.com.tr\/wp-content\/uploads\/2020\/11\/showroom-corporate-2-600x552.jpg 600w, https:\/\/coletti.com.tr\/wp-content\/uploads\/2020\/11\/showroom-corporate-2.jpg 706w\" sizes=\"(max-width: 706px) 100vw, 706px\" \/><\/p>\n<\/div><div class=\"fusion-clearfix\"><\/div>\n\n\t\t\t\t\t<\/div>\n\t\t\t\t<\/div><div  class=\"fusion-layout-column fusion_builder_column fusion_builder_column_1_2  fusion-one-half fusion-column-last fusion-column-no-min-height 1_2\"  style='margin-top:0px;margin-bottom:20px;width:50%;width:calc(50% - ( ( 4% ) * 0.5 ) );'>\n\t\t\t\t\t<div class=\"fusion-column-wrapper\" style=\"padding: 0px 0px 0px 0px;background-position:left top;background-repeat:no-repeat;-webkit-background-size:cover;-moz-background-size:cover;-o-background-size:cover;background-size:cover;\"  data-bg-url=\"\">\n\t\t\t\t\t\t<div class=\"fusion-text\"><p><strong>Coletti Torosan<\/strong> est une entreprise de fabrication de v\u00eatements d&#8217;ext\u00e9rieur fond\u00e9e en 1993 \u00e0 Istanbul \/ Turquie. Coletti est sp\u00e9cialis\u00e9 dans la fabrication de v\u00eatements d&#8217;ext\u00e9rieur de haute qualit\u00e9 pour hommes et femmes tels que blousons,\u00a0 doudounes, vestes, pardessus, trenchs, parkas, gilets. Nos vestes et manteaux sont g\u00e9n\u00e9ralement fabriqu\u00e9s \u00e0 partir de polyester, de laine, de coton ou de tout type de m\u00e9lange de tissus. Les accessoires, les tissus et toutes les garnitures peuvent \u00eatre procur\u00e9 par notre \u00e9quipe, en fonction des demandes de nos clients.<\/p>\n<p>Tous les v\u00eatements sont produits dans notre propre usine \u00e0 Merter \/ Istanbul qui fait 1500 m\u00e8tres carr\u00e9s. Tout le processus de production se fait au sein de notre structure (mod\u00e9lisme, d\u00e9coupe, couture, contr\u00f4le qualit\u00e9). Notre capacit\u00e9 mensuelle est d&#8217;environ 5 000 \u00e0 7 000 pi\u00e8ces.<\/p>\n<p>Nous avons plus de 300 mod\u00e8les dans notre collection. Nos clients peuvent s&#8217;inspirer de nos styles ou nous apporter leur propre design et style. Nous offrons un service de production complet \u00e0 nos clients.\u00a0Nous travaillons avec de nombreux pays tels que la Bulgarie, la Tch\u00e9quie, l&#8217;Allemagne, la Gr\u00e8ce, la France, l&#8217;Italie, la Slovaquie, l&#8217;Afrique du Sud et la Russie.<\/p>\n<\/div><div class=\"fusion-modal modal fade modal-1 wed\" tabindex=\"-1\" role=\"dialog\" aria-labelledby=\"modal-heading-1\" aria-hidden=\"true\"><style type=\"text\/css\">.modal-1 .modal-header, .modal-1 .modal-footer{border-color:#ebebeb;}<\/style><div class=\"modal-dialog modal-lg\"><div class=\"modal-content fusion-modal-content\" style=\"background-color:#f6f6f6\"><div class=\"modal-header\"><button class=\"close\" type=\"button\" data-dismiss=\"modal\" aria-hidden=\"true\">&times;<\/button><h3 class=\"modal-title\" id=\"modal-heading-1\" data-dismiss=\"modal\" aria-hidden=\"true\">wqedweqfwfvwef<\/h3><\/div><div class=\"modal-body\">\n<p>sdfgdf gs dfgsdfh sfh sgh<\/p>\n<\/div><div class=\"modal-footer\"><a class=\"fusion-button button-default button-medium button default medium\" data-dismiss=\"modal\">Close<\/a><\/div><\/div><\/div><\/div><div class=\"fusion-clearfix\"><\/div>\n\n\t\t\t\t\t<\/div>\n\t\t\t\t<\/div><\/div><\/div><\/p>\n","protected":false},"excerpt":{"rendered":"","protected":false},"author":1,"featured_media":0,"parent":0,"menu_order":0,"comment_status":"closed","ping_status":"closed","template":"","meta":[],"_links":{"self":[{"href":"https:\/\/coletti.com.tr\/fr\/wp-json\/wp\/v2\/pages\/1189"}],"collection":[{"href":"https:\/\/coletti.com.tr\/fr\/wp-json\/wp\/v2\/pages"}],"about":[{"href":"https:\/\/coletti.com.tr\/fr\/wp-json\/wp\/v2\/types\/page"}],"author":[{"embeddable":true,"href":"https:\/\/coletti.com.tr\/fr\/wp-json\/wp\/v2\/users\/1"}],"replies":[{"embeddable":true,"href":"https:\/\/coletti.com.tr\/fr\/wp-json\/wp\/v2\/comments?post=1189"}],"version-history":[{"count":2,"href":"https:\/\/coletti.com.tr\/fr\/wp-json\/wp\/v2\/pages\/1189\/revisions"}],"predecessor-version":[{"id":1191,"href":"https:\/\/coletti.com.tr\/fr\/wp-json\/wp\/v2\/pages\/1189\/revisions\/1191"}],"wp:attachment":[{"href":"https:\/\/coletti.com.tr\/fr\/wp-json\/wp\/v2\/media?parent=1189"}],"curies":[{"name":"wp","href":"https:\/\/api.w.org\/{rel}","templated":true}]}}