{"id":1309,"date":"2020-12-03T23:26:45","date_gmt":"2020-12-03T20:26:45","guid":{"rendered":"http:\/\/coletti.com.tr\/?page_id=1309"},"modified":"2020-12-04T14:01:35","modified_gmt":"2020-12-04T11:01:35","slug":"%d0%ba%d0%be%d0%bd%d1%82%d0%b0%d0%ba%d1%82%d1%8b","status":"publish","type":"page","link":"https:\/\/coletti.com.tr\/ru\/%d0%ba%d0%be%d0%bd%d1%82%d0%b0%d0%ba%d1%82%d1%8b\/","title":{"rendered":"\u041a\u043e\u043d\u0442\u0430\u043a\u0442\u044b"},"content":{"rendered":"<div class=\"fusion-fullwidth fullwidth-box nonhundred-percent-fullwidth non-hundred-percent-height-scrolling\"  style='background-color: rgba(255,255,255,0);background-position: center center;background-repeat: no-repeat;padding-top:0px;padding-right:0px;padding-bottom:0px;padding-left:0px;'><div class=\"fusion-builder-row fusion-row \"><div  class=\"fusion-layout-column fusion_builder_column fusion_builder_column_1_2  fusion-one-half fusion-column-first 1_2\"  style='margin-top:0px;margin-bottom:20px;width:50%;width:calc(50% - ( ( 4% ) * 0.5 ) );margin-right: 4%;'>\n\t\t\t\t\t<div class=\"fusion-column-wrapper\" style=\"padding: 0px 0px 0px 0px;background-position:left top;background-repeat:no-repeat;-webkit-background-size:cover;-moz-background-size:cover;-o-background-size:cover;background-size:cover;\"  data-bg-url=\"\">\n\t\t\t\t\t\t<div class=\"fusion-title title fusion-title-size-two\" style=\"margin-top:0px;margin-bottom:31px;\"><h2 class=\"title-heading-left\">\u0412\u044b\u0441\u0442\u0430\u0432\u043e\u0447\u043d\u044b\u0439 \u0437\u0430\u043b &#8211; \u041e\u0441\u043c\u0430\u043d\u0431\u0435\u0439<\/h2><div class=\"title-sep-container\"><div class=\"title-sep sep-single sep-solid\" style=\"border-color:#e0dede;\"><\/div><\/div><\/div><div class=\"fusion-text\"><p><iframe style=\"border: 0;\" tabindex=\"0\" src=\"https:\/\/www.google.com\/maps\/embed?pb=!1m14!1m8!1m3!1d12034.109947511648!2d28.9877675!3d41.0574611!3m2!1i1024!2i768!4f13.1!3m3!1m2!1s0x0%3A0xb9b10a823f32a957!2sColetti%20Torosan!5e0!3m2!1str!2str!4v1602582137144!5m2!1str!2str\" width=\"100%\" height=\"450\" frameborder=\"0\" allowfullscreen=\"allowfullscreen\" aria-hidden=\"false\" data-mce-fragment=\"1\"><\/iframe><\/p>\n<\/div><div class=\"fusion-text\"><p><strong>\u0410\u0434\u0440\u0435\u0441:<\/strong> <a href=\"https:\/\/www.google.com\/maps?ll=41.057461,28.987768&amp;z=14&amp;t=m&amp;hl=tr&amp;gl=TR&amp;mapclient=embed&amp;cid=13380487522416765271\" target=\"_blank\" rel=\"noopener noreferrer\">Samanyolu Sk. S\u00fczen \u0130\u015fhan\u0131 No: 76 \/ 3 Osmanbey &#8211; \u0130stanbul<\/a><\/p>\n<p><strong>\u0422\u0435\u043b:<\/strong> <a href=\"tel:+902122256430\">+90 212 225 64 30<\/a> &#8211; <a href=\"tel:+902122407104\">240 71 04<\/a><\/p>\n<p><strong>\u0424\u0430\u043a\u0441:<\/strong> +90 212 246 45 16<\/p>\n<p><strong>E-mail:<\/strong> <a href=\"mailto:contact@coletti.com.tr\">contact@coletti.com.tr<\/a><\/p>\n<\/div><div class=\"fusion-clearfix\"><\/div>\n\n\t\t\t\t\t<\/div>\n\t\t\t\t<\/div><div  class=\"fusion-layout-column fusion_builder_column fusion_builder_column_1_2  fusion-one-half fusion-column-last 1_2\"  style='margin-top:0px;margin-bottom:20px;width:50%;width:calc(50% - ( ( 4% ) * 0.5 ) );'>\n\t\t\t\t\t<div class=\"fusion-column-wrapper\" style=\"padding: 0px 0px 0px 0px;background-position:left top;background-repeat:no-repeat;-webkit-background-size:cover;-moz-background-size:cover;-o-background-size:cover;background-size:cover;\"  data-bg-url=\"\">\n\t\t\t\t\t\t<div class=\"fusion-title title fusion-title-size-two\" style=\"margin-top:0px;margin-bottom:31px;\"><h2 class=\"title-heading-left\">\u0424\u0430\u0431\u0440\u0438\u043a\u0430 \u0438 \u0432\u044b\u0441\u0442\u0430\u0432\u043e\u0447\u043d\u044b\u0439 \u0437\u0430\u043b \u2013 \u041c\u0435\u0440\u0442\u0435\u0440<\/h2><div class=\"title-sep-container\"><div class=\"title-sep sep-single sep-solid\" style=\"border-color:#e0dede;\"><\/div><\/div><\/div><div class=\"fusion-text\"><p><iframe style=\"border: 0;\" tabindex=\"0\" src=\"https:\/\/www.google.com\/maps\/embed?pb=!1m14!1m8!1m3!1d6021.191724421875!2d28.881217!3d41.012218!3m2!1i1024!2i768!4f13.1!3m3!1m2!1s0x14cabb22c8a7550d%3A0x6fc509036919e254!2zTWVobWV0IE5lc2loIMOWem1lbiwgQ2V2aXogU29rYcSfxLEgTm86NCwgMzQxNzMgR8O8bmfDtnJlbi_EsHN0YW5idWwsIFTDvHJraXll!5e0!3m2!1str!2sus!4v1602582542451!5m2!1str!2sus\" width=\"100%\" height=\"450\" frameborder=\"0\" allowfullscreen=\"allowfullscreen\" aria-hidden=\"false\" data-mce-fragment=\"1\"><\/iframe><\/p>\n<\/div><div class=\"fusion-text\"><p><strong>\u0410\u0434\u0440\u0435\u0441:<\/strong> <a href=\"https:\/\/www.google.com\/maps?ll=41.012218,28.881217&amp;z=15&amp;t=m&amp;hl=tr&amp;gl=US&amp;mapclient=embed&amp;q=Ceviz+Soka%C4%9F%C4%B1+No:4+Mehmet+Nesih+%C3%96zmen+34173+G%C3%BCng%C3%B6ren\/%C4%B0stanbul+T%C3%BCrkiye\" target=\"_blank\" rel=\"noopener noreferrer\">Mehmet Nesih \u00d6zmen Mahallesi. Mehmet Akif Caddesi. No: 4\/2 Keresteciler Sitesi Merter &#8211; \u0130stanbul<\/a><\/p>\n<p><strong>\u0422\u0435\u043b:<\/strong> <a href=\"tel:+902125055280\">+90 212 505 52 80<\/a> Pbx<\/p>\n<p><strong>\u0424\u0430\u043a\u0441:<\/strong> +90 212 505 52 81<\/p>\n<p><strong>E-mail:<\/strong> <a href=\"mailto:contact@coletti.com.tr\">contact@coletti.com.tr<\/a><\/p>\n<\/div><div class=\"fusion-clearfix\"><\/div>\n\n\t\t\t\t\t<\/div>\n\t\t\t\t<\/div><div  class=\"fusion-layout-column fusion_builder_column fusion_builder_column_1_1  fusion-one-full fusion-column-first fusion-column-last 1_1\"  style='margin-top:0px;margin-bottom:20px;'>\n\t\t\t\t\t<div class=\"fusion-column-wrapper\" style=\"padding: 0px 0px 0px 0px;background-position:left top;background-repeat:no-repeat;-webkit-background-size:cover;-moz-background-size:cover;-o-background-size:cover;background-size:cover;\"  data-bg-url=\"\">\n\t\t\t\t\t\t<div class=\"fusion-title title fusion-title-size-one\" style=\"margin-top:0px;margin-bottom:31px;\"><h1 class=\"title-heading-left\">\u0441\u0432\u044f\u0436\u0438\u0442\u0435\u0441\u044c \u0441 \u043d\u0430\u043c\u0438<\/h1><div class=\"title-sep-container\"><div class=\"title-sep sep-single sep-solid\" style=\"border-color:#e0dede;\"><\/div><\/div><\/div><div class=\"fusion-text\"><p style=\"text-align: center;\">\u0415\u0441\u043b\u0438 \u0432\u044b \u0445\u043e\u0442\u0438\u0442\u0435 \u0443\u0437\u043d\u0430\u0442\u044c \u0431\u043e\u043b\u044c\u0448\u0435 \u0438\u043d\u0444\u043e\u0440\u043c\u0430\u0446\u0438\u0438 \u043e \u043d\u0430\u0448\u0435\u0439 \u0444\u0438\u0440\u043c\u0435 \u0438 \u0444\u0430\u0431\u0440\u0438\u043a\u0435, \u0437\u0430\u043f\u043e\u043b\u043d\u0438\u0442\u0435 \u0431\u043b\u0430\u043d\u043a, \u043f\u0440\u0438\u0432\u0435\u0434\u0435\u043d\u043d\u044b\u0439 ,\u043d\u0438\u0436\u0435 \u0438 \u0441\u0432\u044f\u0436\u0438\u0442\u0435\u0441\u044c \u0441 \u043d\u0430\u043c\u0438<\/p>\n<\/div><div class=\"fusion-clearfix\"><\/div>\n\n\t\t\t\t\t<\/div>\n\t\t\t\t<\/div><div  class=\"fusion-layout-column fusion_builder_column fusion_builder_column_1_5  fusion-one-fifth fusion-column-first 1_5\"  style='margin-top:0px;margin-bottom:20px;width:20%;width:calc(20% - ( ( 4% + 4% ) * 0.2 ) );margin-right: 4%;'>\n\t\t\t\t\t<div class=\"fusion-column-wrapper\" style=\"padding: 0px 0px 0px 0px;background-position:left top;background-repeat:no-repeat;-webkit-background-size:cover;-moz-background-size:cover;-o-background-size:cover;background-size:cover;\"  data-bg-url=\"\">\n\t\t\t\t\t\t<div class=\"fusion-clearfix\"><\/div>\n\n\t\t\t\t\t<\/div>\n\t\t\t\t<\/div><div  class=\"fusion-layout-column fusion_builder_column fusion_builder_column_3_5  fusion-three-fifth 3_5\"  style='margin-top:0px;margin-bottom:20px;width:60%;width:calc(60% - ( ( 4% + 4% ) * 0.6 ) );margin-right: 4%;'>\n\t\t\t\t\t<div class=\"fusion-column-wrapper\" style=\"padding: 0px 0px 0px 0px;background-position:left top;background-repeat:no-repeat;-webkit-background-size:cover;-moz-background-size:cover;-o-background-size:cover;background-size:cover;\"  data-bg-url=\"\">\n\t\t\t\t\t\t<div class=\"fusion-text\"><div role=\"form\" class=\"wpcf7\" id=\"wpcf7-f1414-o1\" lang=\"tr-TR\" dir=\"ltr\">\n<div class=\"screen-reader-response\"><p role=\"status\" aria-live=\"polite\" aria-atomic=\"true\"><\/p> <ul><\/ul><\/div>\n<form action=\"\/ru\/wp-json\/wp\/v2\/pages\/1309#wpcf7-f1414-o1\" method=\"post\" class=\"wpcf7-form init\" enctype=\"multipart\/form-data\" novalidate=\"novalidate\" data-status=\"init\">\n<div style=\"display: none;\">\n<input type=\"hidden\" name=\"_wpcf7\" value=\"1414\" \/>\n<input type=\"hidden\" name=\"_wpcf7_version\" value=\"5.3.2\" \/>\n<input type=\"hidden\" name=\"_wpcf7_locale\" value=\"tr_TR\" \/>\n<input type=\"hidden\" name=\"_wpcf7_unit_tag\" value=\"wpcf7-f1414-o1\" \/>\n<input type=\"hidden\" name=\"_wpcf7_container_post\" value=\"0\" \/>\n<input type=\"hidden\" name=\"_wpcf7_posted_data_hash\" value=\"\" \/>\n<input type=\"hidden\" name=\"_wpcf7_recaptcha_response\" value=\"\" \/>\n<\/div>\n<p><label> \u0412\u0430\u0448\u0435 \u0438\u043c\u044f (*)<br \/>\n    <span class=\"wpcf7-form-control-wrap your-name\"><input type=\"text\" name=\"your-name\" value=\"\" size=\"40\" class=\"wpcf7-form-control wpcf7-text wpcf7-validates-as-required\" aria-required=\"true\" aria-invalid=\"false\" \/><\/span> <\/label><\/p>\n<p><label> \u0412\u0430\u0448 \u043d\u043e\u043c\u0435\u0440 \u0442\u0435\u043b\u0435\u0444\u043e\u043d\u0430 (*)<br \/>\n    <span class=\"wpcf7-form-control-wrap your-number\"><input type=\"tel\" name=\"your-number\" value=\"\" size=\"40\" class=\"wpcf7-form-control wpcf7-text wpcf7-tel wpcf7-validates-as-required wpcf7-validates-as-tel\" aria-required=\"true\" aria-invalid=\"false\" \/><\/span> <\/label><\/p>\n<p><label> \u0412\u0430\u0448 email (*)<br \/>\n    <span class=\"wpcf7-form-control-wrap your-email\"><input type=\"email\" name=\"your-email\" value=\"\" size=\"40\" class=\"wpcf7-form-control wpcf7-text wpcf7-email wpcf7-validates-as-required wpcf7-validates-as-email\" aria-required=\"true\" aria-invalid=\"false\" \/><\/span> <\/label><\/p>\n<p><label> \u0422\u0435\u043c\u0430<br \/>\n    <span class=\"wpcf7-form-control-wrap your-subject\"><input type=\"text\" name=\"your-subject\" value=\"\" size=\"40\" class=\"wpcf7-form-control wpcf7-text\" aria-invalid=\"false\" \/><\/span> <\/label><\/p>\n<p><label> \u0421\u043e\u043e\u0431\u0449\u0435\u043d\u0438\u0435(*)<br \/>\n    <span class=\"wpcf7-form-control-wrap your-message\"><textarea name=\"your-message\" cols=\"40\" rows=\"10\" class=\"wpcf7-form-control wpcf7-textarea\" aria-invalid=\"false\"><\/textarea><\/span> <\/label><\/p>\n<p><label> Add Document | <i> Max: 25 MB <\/i><br \/>\n<span class=\"wpcf7-form-control-wrap your-file\"><input type=\"file\" name=\"your-file\" size=\"40\" class=\"wpcf7-form-control wpcf7-file\" accept=\".pdf,.gif,.png,.jpg,.jpeg\" aria-invalid=\"false\" \/><\/span> <\/label><\/p>\n<p><input type=\"submit\" value=\"Send\" class=\"wpcf7-form-control wpcf7-submit\" \/><\/p>\n<div class=\"wpcf7-response-output\" aria-hidden=\"true\"><\/div><\/form><\/div>\n<\/div><div class=\"fusion-clearfix\"><\/div>\n\n\t\t\t\t\t<\/div>\n\t\t\t\t<\/div><div  class=\"fusion-layout-column fusion_builder_column fusion_builder_column_1_5  fusion-one-fifth fusion-column-last 1_5\"  style='margin-top:0px;margin-bottom:20px;width:20%;width:calc(20% - ( ( 4% + 4% ) * 0.2 ) );'>\n\t\t\t\t\t<div class=\"fusion-column-wrapper\" style=\"padding: 0px 0px 0px 0px;background-position:left top;background-repeat:no-repeat;-webkit-background-size:cover;-moz-background-size:cover;-o-background-size:cover;background-size:cover;\"  data-bg-url=\"\">\n\t\t\t\t\t\t<div class=\"fusion-clearfix\"><\/div>\n\n\t\t\t\t\t<\/div>\n\t\t\t\t<\/div><\/div><\/div>\n","protected":false},"excerpt":{"rendered":"","protected":false},"author":1,"featured_media":0,"parent":0,"menu_order":0,"comment_status":"closed","ping_status":"closed","template":"","meta":[],"_links":{"self":[{"href":"https:\/\/coletti.com.tr\/ru\/wp-json\/wp\/v2\/pages\/1309"}],"collection":[{"href":"https:\/\/coletti.com.tr\/ru\/wp-json\/wp\/v2\/pages"}],"about":[{"href":"https:\/\/coletti.com.tr\/ru\/wp-json\/wp\/v2\/types\/page"}],"author":[{"embeddable":true,"href":"https:\/\/coletti.com.tr\/ru\/wp-json\/wp\/v2\/users\/1"}],"replies":[{"embeddable":true,"href":"https:\/\/coletti.com.tr\/ru\/wp-json\/wp\/v2\/comments?post=1309"}],"version-history":[{"count":5,"href":"https:\/\/coletti.com.tr\/ru\/wp-json\/wp\/v2\/pages\/1309\/revisions"}],"predecessor-version":[{"id":1415,"href":"https:\/\/coletti.com.tr\/ru\/wp-json\/wp\/v2\/pages\/1309\/revisions\/1415"}],"wp:attachment":[{"href":"https:\/\/coletti.com.tr\/ru\/wp-json\/wp\/v2\/media?parent=1309"}],"curies":[{"name":"wp","href":"https:\/\/api.w.org\/{rel}","templated":true}]}}