{"id":1074,"date":"2020-12-03T15:44:59","date_gmt":"2020-12-03T12:44:59","guid":{"rendered":"http:\/\/coletti.com.tr\/?page_id=1074"},"modified":"2020-12-03T18:33:32","modified_gmt":"2020-12-03T15:33:32","slug":"anasayfa","status":"publish","type":"page","link":"https:\/\/coletti.com.tr\/tr\/","title":{"rendered":"Anasayfa"},"content":{"rendered":"<p><div class=\"fusion-fullwidth fullwidth-box nonhundred-percent-fullwidth non-hundred-percent-height-scrolling\"  style='background-color: rgba(255,255,255,0);background-position: center center;background-repeat: no-repeat;padding-top:0px;padding-right:0px;padding-bottom:0px;padding-left:0px;'><div class=\"fusion-builder-row fusion-row \"><div  class=\"fusion-layout-column fusion_builder_column fusion_builder_column_1_1  fusion-one-full fusion-column-first fusion-column-last 1_1\"  style='margin-top:0px;margin-bottom:20px;'>\n\t\t\t\t\t<div class=\"fusion-column-wrapper\" style=\"padding: 0px 0px 0px 0px;background-position:left top;background-repeat:no-repeat;-webkit-background-size:cover;-moz-background-size:cover;-o-background-size:cover;background-size:cover;\"  data-bg-url=\"\">\n\t\t\t\t\t\t<div class=\"fusion-title title fusion-title-center fusion-title-size-two\" style=\"margin-top:0px;margin-bottom:31px;\"><div class=\"title-sep-container title-sep-container-left\"><div class=\"title-sep sep-single sep-solid\" style=\"border-color:#e0dede;\"><\/div><\/div><h2 class=\"title-heading-center\"><strong>Coletti Torosan<\/strong> \u0130stanbul\/T\u00fcrkiye\u2019de bulunan bir <strong><em>d\u0131\u015f giyim \u00fcreticisi<\/em> <\/strong>firmad\u0131r.<\/h2><div class=\"title-sep-container title-sep-container-right\"><div class=\"title-sep sep-single sep-solid\" style=\"border-color:#e0dede;\"><\/div><\/div><\/div><div class=\"fusion-clearfix\"><\/div>\n\n\t\t\t\t\t<\/div>\n\t\t\t\t<\/div><div  class=\"fusion-layout-column fusion_builder_column fusion_builder_column_1_3  fusion-one-third fusion-column-first 1_3\"  style='margin-top:0px;margin-bottom:20px;width:33.33%;width:calc(33.33% - ( ( 4% + 4% ) * 0.3333 ) );margin-right: 4%;'>\n\t\t\t\t\t<div class=\"fusion-column-wrapper\" style=\"padding: 0px 0px 0px 0px;background-position:left top;background-repeat:no-repeat;-webkit-background-size:cover;-moz-background-size:cover;-o-background-size:cover;background-size:cover;\"  data-bg-url=\"\">\n\t\t\t\t\t\t<div class=\"fusion-fa-align-center\"><i class=\"fa fontawesome-icon fa-handshake-o circle-yes\" style=\"border-color:#ffffff;background-color:#c70000;font-size:28.16px;line-height:56.32px;height:56.32px;width:56.32px;margin-bottom:20px;color:#ffffff;\"><\/i><\/div><div class=\"fusion-title title fusion-sep-none fusion-title-center fusion-title-size-two\" style=\"margin-top:0px;margin-bottom:31px;\"><h2 class=\"title-heading-center\">25+ Y\u0131ll\u0131k Tecr\u00fcbe<\/h2><\/div><div class=\"fusion-text\"><p style=\"text-align: center;\">25 y\u0131ldan uzun bir s\u00fcredir tekstil sekt\u00f6r\u00fc i\u00e7erisindeyiz.<\/p>\n<\/div><div class=\"fusion-clearfix\"><\/div>\n\n\t\t\t\t\t<\/div>\n\t\t\t\t<\/div><div  class=\"fusion-layout-column fusion_builder_column fusion_builder_column_1_3  fusion-one-third 1_3\"  style='margin-top:0px;margin-bottom:20px;width:33.33%;width:calc(33.33% - ( ( 4% + 4% ) * 0.3333 ) );margin-right: 4%;'>\n\t\t\t\t\t<div class=\"fusion-column-wrapper\" style=\"padding: 0px 0px 0px 0px;background-position:left top;background-repeat:no-repeat;-webkit-background-size:cover;-moz-background-size:cover;-o-background-size:cover;background-size:cover;\"  data-bg-url=\"\">\n\t\t\t\t\t\t<div class=\"fusion-fa-align-center\"><i class=\"fa fontawesome-icon fa-check circle-yes\" style=\"border-color:#ffffff;background-color:#c70000;font-size:28.16px;line-height:56.32px;height:56.32px;width:56.32px;margin-bottom:20px;color:#ffffff;\"><\/i><\/div><div class=\"fusion-title title fusion-sep-none fusion-title-center fusion-title-size-two\" style=\"margin-top:0px;margin-bottom:31px;\"><h2 class=\"title-heading-center\">Y\u00fcksek Kalite<\/h2><\/div><div class=\"fusion-text\"><p style=\"text-align: center;\"><strong>Coletti<\/strong>, Erkek ve Kad\u0131n d\u0131\u015f giyim \u00fcretiminde <strong>y\u00fcksek kalite<\/strong>ye her zaman \u00f6ncelik verir.<\/p>\n<\/div><div class=\"fusion-clearfix\"><\/div>\n\n\t\t\t\t\t<\/div>\n\t\t\t\t<\/div><div  class=\"fusion-layout-column fusion_builder_column fusion_builder_column_1_3  fusion-one-third fusion-column-last 1_3\"  style='margin-top:0px;margin-bottom:20px;width:33.33%;width:calc(33.33% - ( ( 4% + 4% ) * 0.3333 ) );'>\n\t\t\t\t\t<div class=\"fusion-column-wrapper\" style=\"padding: 0px 0px 0px 0px;background-position:left top;background-repeat:no-repeat;-webkit-background-size:cover;-moz-background-size:cover;-o-background-size:cover;background-size:cover;\"  data-bg-url=\"\">\n\t\t\t\t\t\t<div class=\"fusion-fa-align-center\"><i class=\"fa fontawesome-icon fa-refresh circle-yes\" style=\"border-color:#ffffff;background-color:#c70000;font-size:28.16px;line-height:56.32px;height:56.32px;width:56.32px;margin-bottom:20px;color:#ffffff;\"><\/i><\/div><div class=\"fusion-title title fusion-sep-none fusion-title-center fusion-title-size-two\" style=\"margin-top:0px;margin-bottom:31px;\"><h2 class=\"title-heading-center\">D\u00fc\u015f\u00fck Minimum Sipari\u015f Miktar\u0131<\/h2><\/div><div class=\"fusion-text\"><p style=\"text-align: center;\">Coletti Torosan, az adetli minimum sipari\u015f miktar\u0131yla (MOQ) y\u00fcksek kaliteli \u00fcr\u00fcnler \u00fcretmektedir.<\/p>\n<\/div><div class=\"fusion-clearfix\"><\/div>\n\n\t\t\t\t\t<\/div>\n\t\t\t\t<\/div><\/div><\/div><div class=\"fusion-fullwidth fullwidth-box fusion-blend-mode fusion-parallax-fixed hundred-percent-fullwidth non-hundred-percent-height-scrolling\"  style='background-color: rgba(0,0,0,0.59);background-image: url(\"http:\/\/coletti.com.tr\/wp-content\/uploads\/2020\/10\/quality-control-2.jpg\");background-position: center center;background-repeat: no-repeat;padding-top:100px;padding-bottom:100px;-webkit-background-size:cover;-moz-background-size:cover;-o-background-size:cover;background-size:cover;background-attachment:fixed;'><div class=\"fusion-builder-row fusion-row \"><div  class=\"fusion-layout-column fusion_builder_column fusion_builder_column_1_4  fusion-one-fourth fusion-column-first 1_4\"  style='margin-top:0px;margin-bottom:20px;width:25%;width:calc(25% - ( ( 4% + 4% ) * 0.25 ) );margin-right: 4%;'>\n\t\t\t\t\t<div class=\"fusion-column-wrapper\" style=\"padding: 0px 0px 0px 0px;background-position:left top;background-repeat:no-repeat;-webkit-background-size:cover;-moz-background-size:cover;-o-background-size:cover;background-size:cover;\"  data-bg-url=\"\">\n\t\t\t\t\t\t<div class=\"fusion-clearfix\"><\/div>\n\n\t\t\t\t\t<\/div>\n\t\t\t\t<\/div><div  class=\"fusion-layout-column fusion_builder_column fusion_builder_column_1_2  fusion-one-half 1_2\"  style='margin-top:0px;margin-bottom:20px;width:50%;width:calc(50% - ( ( 4% + 4% ) * 0.5 ) );margin-right: 4%;'>\n\t\t\t\t\t<div class=\"fusion-column-wrapper\" style=\"padding: 0px 0px 0px 0px;background-position:left top;background-repeat:no-repeat;-webkit-background-size:cover;-moz-background-size:cover;-o-background-size:cover;background-size:cover;\"  data-bg-url=\"\">\n\t\t\t\t\t\t<div class=\"fusion-title title fusion-sep-none fusion-title-center fusion-title-size-two\" style=\"margin-top:0px;margin-bottom:31px;\"><h2 class=\"title-heading-center\"><p style=\"color: white;\"><strong>Coletti<\/strong>, \u00f6nceliklerinin en ba\u015f\u0131nda her zaman m\u00fc\u015fteri memnuniyetini ve \u00fcr\u00fcn kalitesini bulundurmu\u015ftur<\/p><\/h2><\/div><div class=\"fusion-button-wrapper fusion-aligncenter\"><style type=\"text\/css\" scoped=\"scoped\">.fusion-button.button-1 .fusion-button-text, .fusion-button.button-1 i {color:#ffffff;}.fusion-button.button-1 {border-width:0px;border-color:#ffffff;}.fusion-button.button-1 .fusion-button-icon-divider{border-color:#ffffff;}.fusion-button.button-1:hover .fusion-button-text, .fusion-button.button-1:hover i,.fusion-button.button-1:focus .fusion-button-text, .fusion-button.button-1:focus i,.fusion-button.button-1:active .fusion-button-text, .fusion-button.button-1:active{color:#dddddd;}.fusion-button.button-1:hover, .fusion-button.button-1:focus, .fusion-button.button-1:active{border-width:0px;border-color:#dddddd;}.fusion-button.button-1:hover .fusion-button-icon-divider, .fusion-button.button-1:hover .fusion-button-icon-divider, .fusion-button.button-1:active .fusion-button-icon-divider{border-color:#dddddd;}.fusion-button.button-1{width:auto;}<\/style><a class=\"fusion-button button-flat fusion-button-round button-large button-default button-1\" target=\"_self\" href=\"kurumsal\"><span class=\"fusion-button-text\">Hakk\u0131m\u0131zda<\/span><\/a><\/div><div class=\"fusion-clearfix\"><\/div>\n\n\t\t\t\t\t<\/div>\n\t\t\t\t<\/div><div  class=\"fusion-layout-column fusion_builder_column fusion_builder_column_1_4  fusion-one-fourth fusion-column-last 1_4\"  style='margin-top:0px;margin-bottom:20px;width:25%;width:calc(25% - ( ( 4% + 4% ) * 0.25 ) );'>\n\t\t\t\t\t<div class=\"fusion-column-wrapper\" style=\"padding: 0px 0px 0px 0px;background-position:left top;background-repeat:no-repeat;-webkit-background-size:cover;-moz-background-size:cover;-o-background-size:cover;background-size:cover;\"  data-bg-url=\"\">\n\t\t\t\t\t\t<div class=\"fusion-clearfix\"><\/div>\n\n\t\t\t\t\t<\/div>\n\t\t\t\t<\/div><\/div><\/div><div class=\"fusion-fullwidth fullwidth-box nonhundred-percent-fullwidth non-hundred-percent-height-scrolling\"  style='background-color: rgba(255,255,255,0);background-position: center center;background-repeat: no-repeat;padding-top:0px;padding-right:0px;padding-bottom:0px;padding-left:0px;margin-bottom: 20px;margin-top: 20px;'><div class=\"fusion-builder-row fusion-row \"><div  class=\"fusion-layout-column fusion_builder_column fusion_builder_column_2_3  fusion-two-third fusion-column-first 2_3\"  style='margin-top:0px;margin-bottom:0px;width:66.66%;width:calc(66.66% - ( ( 4% ) * 0.6666 ) );margin-right: 4%;'>\n\t\t\t\t\t<div class=\"fusion-column-wrapper\" style=\"padding: 230px 0px 200px 0px;background-image: url('http:\/\/coletti.com.tr\/wp-content\/uploads\/2020\/11\/pattern-making-h-image.jpg');background-position:center center;background-repeat:no-repeat;-webkit-background-size:cover;-moz-background-size:cover;-o-background-size:cover;background-size:cover;\"  data-bg-url=\"http:\/\/coletti.com.tr\/wp-content\/uploads\/2020\/11\/pattern-making-h-image.jpg\">\n\t\t\t\t\t\t<div class=\"fusion-column-content-centered\"><div class=\"fusion-column-content\"><span class=\"fusion-imageframe imageframe-none imageframe-1 hover-type-none\"><\/span><\/div><\/div><div class=\"fusion-clearfix\"><\/div>\n\n\t\t\t\t\t<\/div>\n\t\t\t\t<\/div><div  class=\"fusion-layout-column fusion_builder_column fusion_builder_column_1_3  fusion-one-third fusion-column-last fusion-column-no-min-height 1_3\"  style='margin-top:110px;margin-bottom:20px;width:33.33%;width:calc(33.33% - ( ( 4% ) * 0.3333 ) );'>\n\t\t\t\t\t<div class=\"fusion-column-wrapper\" style=\"padding: 0px 0px 0px 0px;background-position:left top;background-repeat:no-repeat;-webkit-background-size:cover;-moz-background-size:cover;-o-background-size:cover;background-size:cover;\"  data-bg-url=\"\">\n\t\t\t\t\t\t<div class=\"fusion-column-content-centered\"><div class=\"fusion-column-content\"><div class=\"fusion-title title fusion-sep-none fusion-title-center fusion-title-size-two\" style=\"margin-top:0px;margin-bottom:31px;\"><h2 class=\"title-heading-center\">\u00dcr\u00fcn geli\u015ftirme b\u00f6l\u00fcm\u00fcndeki \u00e7al\u0131\u015fma arkada\u015flar\u0131m\u0131z, uygun <strong>kal\u0131p<\/strong> ve <strong>yeni model<\/strong> \u00e7\u0131kar\u0131m\u0131nda uzmanlard\u0131r.<\/h2><\/div><div class=\"fusion-button-wrappercenter\"><style type=\"text\/css\" scoped=\"scoped\">.fusion-button.button-2 .fusion-button-text, .fusion-button.button-2 i {color:#ffffff;}.fusion-button.button-2 {border-width:0px;border-color:#ffffff;}.fusion-button.button-2 .fusion-button-icon-divider{border-color:#ffffff;}.fusion-button.button-2:hover .fusion-button-text, .fusion-button.button-2:hover i,.fusion-button.button-2:focus .fusion-button-text, .fusion-button.button-2:focus i,.fusion-button.button-2:active .fusion-button-text, .fusion-button.button-2:active{color:#dddddd;}.fusion-button.button-2:hover, .fusion-button.button-2:focus, .fusion-button.button-2:active{border-width:0px;border-color:#dddddd;}.fusion-button.button-2:hover .fusion-button-icon-divider, .fusion-button.button-2:hover .fusion-button-icon-divider, .fusion-button.button-2:active .fusion-button-icon-divider{border-color:#dddddd;}.fusion-button.button-2{width:100%;}<\/style><a class=\"fusion-button button-flat fusion-button-pill button-small button-default button-2\" target=\"_self\" href=\"modelhane\"><span class=\"fusion-button-text\">Modelhane<\/span><\/a><\/div><\/div><\/div><div class=\"fusion-clearfix\"><\/div>\n\n\t\t\t\t\t<\/div>\n\t\t\t\t<\/div><div  class=\"fusion-layout-column fusion_builder_column fusion_builder_column_1_1  fusion-one-full fusion-column-first fusion-column-last 1_1\"  style='margin-top:0px;margin-bottom:20px;'>\n\t\t\t\t\t<div class=\"fusion-column-wrapper\" style=\"padding: 50px 0px 50px 0px;background-position:left top;background-repeat:no-repeat;-webkit-background-size:cover;-moz-background-size:cover;-o-background-size:cover;background-size:cover;\"  data-bg-url=\"\">\n\t\t\t\t\t\t<div class=\"fusion-section-separator section-separator\" style=\"border-bottom:10px solid #f6f6f6;margin-left:-0px;margin-right:-0px;\"><div class=\"divider-candy-arrow bottom\" style=\"top:10px;border-top-color: #f6f6f6;\"><\/div><div class=\"divider-candy bottom\" style=\"bottom:-30px;border-bottom:1px solid #f6f6f6;border-left:1px solid #f6f6f6;\"><\/div><\/div><div class=\"fusion-clearfix\"><\/div>\n\n\t\t\t\t\t<\/div>\n\t\t\t\t<\/div><\/div><\/div><div class=\"fusion-fullwidth fullwidth-box nonhundred-percent-fullwidth non-hundred-percent-height-scrolling\"  style='background-color: rgba(255,255,255,0);background-position: center center;background-repeat: no-repeat;padding-top:0px;padding-right:0px;padding-bottom:0px;padding-left:0px;margin-bottom: 20px;margin-top: 20px;'><div class=\"fusion-builder-row fusion-row \"><div  class=\"fusion-layout-column fusion_builder_column fusion_builder_column_1_3  fusion-one-third fusion-column-first fusion-column-no-min-height 1_3\"  style='margin-top:110px;margin-bottom:20px;width:33.33%;width:calc(33.33% - ( ( 4% ) * 0.3333 ) );margin-right: 4%;'>\n\t\t\t\t\t<div class=\"fusion-column-wrapper\" style=\"padding: 0px 0px 0px 0px;background-position:left top;background-repeat:no-repeat;-webkit-background-size:cover;-moz-background-size:cover;-o-background-size:cover;background-size:cover;\"  data-bg-url=\"\">\n\t\t\t\t\t\t<div class=\"fusion-column-content-centered\"><div class=\"fusion-column-content\"><div class=\"fusion-title title fusion-sep-none fusion-title-center fusion-title-size-two\" style=\"margin-top:0px;margin-bottom:31px;\"><h2 class=\"title-heading-center\"><div class=\"fusion-text\">\n<p>\u00a0\u00a0 \u00c7al\u0131\u015fma arkada\u015flar\u0131m\u0131z, <strong>g\u00fcncel teknolojik ekipmanlarla<\/strong> \u00fcr\u00fcnleri dikmektedir.<\/p>\n<\/div><\/h2><\/div><div class=\"fusion-button-wrappercenter\"><style type=\"text\/css\" scoped=\"scoped\">.fusion-button.button-3 .fusion-button-text, .fusion-button.button-3 i {color:#ffffff;}.fusion-button.button-3 {border-width:0px;border-color:#ffffff;}.fusion-button.button-3 .fusion-button-icon-divider{border-color:#ffffff;}.fusion-button.button-3:hover .fusion-button-text, .fusion-button.button-3:hover i,.fusion-button.button-3:focus .fusion-button-text, .fusion-button.button-3:focus i,.fusion-button.button-3:active .fusion-button-text, .fusion-button.button-3:active{color:#dddddd;}.fusion-button.button-3:hover, .fusion-button.button-3:focus, .fusion-button.button-3:active{border-width:0px;border-color:#dddddd;}.fusion-button.button-3:hover .fusion-button-icon-divider, .fusion-button.button-3:hover .fusion-button-icon-divider, .fusion-button.button-3:active .fusion-button-icon-divider{border-color:#dddddd;}.fusion-button.button-3{width:100%;}<\/style><a class=\"fusion-button button-flat fusion-button-pill button-small button-default button-3\" target=\"_self\" href=\"dikimhane\"><span class=\"fusion-button-text\">D\u0130K\u0130MHANE<\/span><\/a><\/div><\/div><\/div><div class=\"fusion-clearfix\"><\/div>\n\n\t\t\t\t\t<\/div>\n\t\t\t\t<\/div><div  class=\"fusion-layout-column fusion_builder_column fusion_builder_column_2_3  fusion-two-third fusion-column-last 2_3\"  style='margin-top:0px;margin-bottom:0px;width:66.66%;width:calc(66.66% - ( ( 4% ) * 0.6666 ) );'>\n\t\t\t\t\t<div class=\"fusion-column-wrapper\" style=\"padding: 230px 0px 200px 0px;background-image: url('http:\/\/coletti.com.tr\/wp-content\/uploads\/2020\/10\/sewing-home-1bg.jpg');background-position:center center;background-repeat:no-repeat;-webkit-background-size:cover;-moz-background-size:cover;-o-background-size:cover;background-size:cover;\"  data-bg-url=\"http:\/\/coletti.com.tr\/wp-content\/uploads\/2020\/10\/sewing-home-1bg.jpg\">\n\t\t\t\t\t\t<div class=\"fusion-column-content-centered\"><div class=\"fusion-column-content\"><\/div><\/div><div class=\"fusion-clearfix\"><\/div>\n\n\t\t\t\t\t<\/div>\n\t\t\t\t<\/div><div  class=\"fusion-layout-column fusion_builder_column fusion_builder_column_1_1  fusion-one-full fusion-column-first fusion-column-last 1_1\"  style='margin-top:0px;margin-bottom:20px;'>\n\t\t\t\t\t<div class=\"fusion-column-wrapper\" style=\"padding: 50px 0px 50px 0px;background-position:left top;background-repeat:no-repeat;-webkit-background-size:cover;-moz-background-size:cover;-o-background-size:cover;background-size:cover;\"  data-bg-url=\"\">\n\t\t\t\t\t\t<div class=\"fusion-section-separator section-separator\" style=\"border-bottom:10px solid #f6f6f6;margin-left:-0px;margin-right:-0px;\"><div class=\"divider-candy-arrow bottom\" style=\"top:10px;border-top-color: #f6f6f6;\"><\/div><div class=\"divider-candy bottom\" style=\"bottom:-30px;border-bottom:1px solid #f6f6f6;border-left:1px solid #f6f6f6;\"><\/div><\/div><div class=\"fusion-clearfix\"><\/div>\n\n\t\t\t\t\t<\/div>\n\t\t\t\t<\/div><\/div><\/div><div class=\"fusion-fullwidth fullwidth-box nonhundred-percent-fullwidth non-hundred-percent-height-scrolling\"  style='background-color: rgba(255,255,255,0);background-position: center center;background-repeat: no-repeat;padding-top:0px;padding-right:0px;padding-bottom:0px;padding-left:0px;margin-bottom: 20px;margin-top: 20px;'><div class=\"fusion-builder-row fusion-row \"><div  class=\"fusion-layout-column fusion_builder_column fusion_builder_column_2_3  fusion-two-third fusion-column-first 2_3\"  style='margin-top:0px;margin-bottom:0px;width:66.66%;width:calc(66.66% - ( ( 4% ) * 0.6666 ) );margin-right: 4%;'>\n\t\t\t\t\t<div class=\"fusion-column-wrapper\" style=\"padding: 230px 0px 200px 0px;background-image: url('http:\/\/coletti.com.tr\/wp-content\/uploads\/2020\/10\/warehouse-home-1bg.jpg');background-position:center center;background-repeat:no-repeat;-webkit-background-size:cover;-moz-background-size:cover;-o-background-size:cover;background-size:cover;\"  data-bg-url=\"http:\/\/coletti.com.tr\/wp-content\/uploads\/2020\/10\/warehouse-home-1bg.jpg\">\n\t\t\t\t\t\t<div class=\"fusion-column-content-centered\"><div class=\"fusion-column-content\"><\/div><\/div><div class=\"fusion-clearfix\"><\/div>\n\n\t\t\t\t\t<\/div>\n\t\t\t\t<\/div><div  class=\"fusion-layout-column fusion_builder_column fusion_builder_column_1_3  fusion-one-third fusion-column-last fusion-column-no-min-height 1_3\"  style='margin-top:110px;margin-bottom:20px;width:33.33%;width:calc(33.33% - ( ( 4% ) * 0.3333 ) );'>\n\t\t\t\t\t<div class=\"fusion-column-wrapper\" style=\"padding: 0px 0px 0px 0px;background-position:left top;background-repeat:no-repeat;-webkit-background-size:cover;-moz-background-size:cover;-o-background-size:cover;background-size:cover;\"  data-bg-url=\"\">\n\t\t\t\t\t\t<div class=\"fusion-column-content-centered\"><div class=\"fusion-column-content\"><div class=\"fusion-title title fusion-sep-none fusion-title-center fusion-title-size-two\" style=\"margin-top:0px;margin-bottom:31px;\"><h2 class=\"title-heading-center\"><div class=\"fusion-text\">\n<div class=\"fusion-text\">\n<p><strong>Depomuz,<\/strong> fabrikam\u0131z\u0131n i\u00e7erisinde bulunmaktad\u0131r.<\/p>\n<\/div>\n<\/div><\/h2><\/div><div class=\"fusion-button-wrappercenter\"><style type=\"text\/css\" scoped=\"scoped\">.fusion-button.button-4 .fusion-button-text, .fusion-button.button-4 i {color:#ffffff;}.fusion-button.button-4 {border-width:0px;border-color:#ffffff;}.fusion-button.button-4 .fusion-button-icon-divider{border-color:#ffffff;}.fusion-button.button-4:hover .fusion-button-text, .fusion-button.button-4:hover i,.fusion-button.button-4:focus .fusion-button-text, .fusion-button.button-4:focus i,.fusion-button.button-4:active .fusion-button-text, .fusion-button.button-4:active{color:#dddddd;}.fusion-button.button-4:hover, .fusion-button.button-4:focus, .fusion-button.button-4:active{border-width:0px;border-color:#dddddd;}.fusion-button.button-4:hover .fusion-button-icon-divider, .fusion-button.button-4:hover .fusion-button-icon-divider, .fusion-button.button-4:active .fusion-button-icon-divider{border-color:#dddddd;}.fusion-button.button-4{width:100%;}<\/style><a class=\"fusion-button button-flat fusion-button-pill button-small button-default button-4\" target=\"_self\" href=\"urun-deposu-ve-lojistik\"><span class=\"fusion-button-text\">DEPO VE LOJ\u0130ST\u0130K<\/span><\/a><\/div><\/div><\/div><div class=\"fusion-clearfix\"><\/div>\n\n\t\t\t\t\t<\/div>\n\t\t\t\t<\/div><\/div><\/div><div class=\"fusion-fullwidth fullwidth-box fusion-blend-mode fusion-parallax-fixed hundred-percent-fullwidth non-hundred-percent-height-scrolling\"  style='background-color: rgba(0,0,0,0.59);background-image: url(\"http:\/\/coletti.com.tr\/wp-content\/uploads\/2020\/11\/collection-showroom-home.jpg\");background-position: center center;background-repeat: no-repeat;padding-top:100px;padding-bottom:100px;-webkit-background-size:cover;-moz-background-size:cover;-o-background-size:cover;background-size:cover;background-attachment:fixed;'><div class=\"fusion-builder-row fusion-row \"><div  class=\"fusion-layout-column fusion_builder_column fusion_builder_column_1_4  fusion-one-fourth fusion-column-first 1_4\"  style='margin-top:0px;margin-bottom:0px;width:25%;width:calc(25% - ( ( 4% + 4% ) * 0.25 ) );margin-right: 4%;'>\n\t\t\t\t\t<div class=\"fusion-column-wrapper\" style=\"padding: 0px 0px 0px 0px;background-position:left top;background-repeat:no-repeat;-webkit-background-size:cover;-moz-background-size:cover;-o-background-size:cover;background-size:cover;\"  data-bg-url=\"\">\n\t\t\t\t\t\t<div class=\"fusion-clearfix\"><\/div>\n\n\t\t\t\t\t<\/div>\n\t\t\t\t<\/div><div  class=\"fusion-layout-column fusion_builder_column fusion_builder_column_1_2  fusion-one-half 1_2\"  style='margin-top:0px;margin-bottom:0px;width:50%;width:calc(50% - ( ( 4% + 4% ) * 0.5 ) );margin-right: 4%;'>\n\t\t\t\t\t<div class=\"fusion-column-wrapper\" style=\"padding: 0px 0px 0px 0px;background-position:left top;background-repeat:no-repeat;-webkit-background-size:cover;-moz-background-size:cover;-o-background-size:cover;background-size:cover;\"  data-bg-url=\"\">\n\t\t\t\t\t\t<div class=\"fusion-title title fusion-sep-none fusion-title-center fusion-title-size-two\" style=\"margin-top:0px;margin-bottom:31px;\"><h2 class=\"title-heading-center\"><p style=\"color: white;\">Showroomlar\u0131m\u0131zda <strong>300 adetten fazla model<\/strong> bulunmaktad\u0131r. Modellerimizi incelemek ve koleksiyonumuz hakk\u0131nda daha fazla bilgi almak i\u00e7in showroomlar\u0131m\u0131za bekleriz.<\/p><\/h2><\/div><div class=\"fusion-button-wrapper fusion-aligncenter\"><style type=\"text\/css\" scoped=\"scoped\">.fusion-button.button-5 .fusion-button-text, .fusion-button.button-5 i {color:#ffffff;}.fusion-button.button-5 {border-width:0px;border-color:#ffffff;}.fusion-button.button-5 .fusion-button-icon-divider{border-color:#ffffff;}.fusion-button.button-5:hover .fusion-button-text, .fusion-button.button-5:hover i,.fusion-button.button-5:focus .fusion-button-text, .fusion-button.button-5:focus i,.fusion-button.button-5:active .fusion-button-text, .fusion-button.button-5:active{color:#dddddd;}.fusion-button.button-5:hover, .fusion-button.button-5:focus, .fusion-button.button-5:active{border-width:0px;border-color:#dddddd;}.fusion-button.button-5:hover .fusion-button-icon-divider, .fusion-button.button-5:hover .fusion-button-icon-divider, .fusion-button.button-5:active .fusion-button-icon-divider{border-color:#dddddd;}.fusion-button.button-5{width:auto;}<\/style><a class=\"fusion-button button-flat fusion-button-round button-large button-default button-5\" target=\"_self\" href=\"showroom\"><span class=\"fusion-button-text\">Showroomlar\u0131m\u0131z<\/span><\/a><\/div><div class=\"fusion-clearfix\"><\/div>\n\n\t\t\t\t\t<\/div>\n\t\t\t\t<\/div><div  class=\"fusion-layout-column fusion_builder_column fusion_builder_column_1_4  fusion-one-fourth fusion-column-last 1_4\"  style='margin-top:0px;margin-bottom:0px;width:25%;width:calc(25% - ( ( 4% + 4% ) * 0.25 ) );'>\n\t\t\t\t\t<div class=\"fusion-column-wrapper\" style=\"padding: 0px 0px 0px 0px;background-position:left top;background-repeat:no-repeat;-webkit-background-size:cover;-moz-background-size:cover;-o-background-size:cover;background-size:cover;\"  data-bg-url=\"\">\n\t\t\t\t\t\t<div class=\"fusion-clearfix\"><\/div>\n\n\t\t\t\t\t<\/div>\n\t\t\t\t<\/div><\/div><\/div><\/p>\n","protected":false},"excerpt":{"rendered":"","protected":false},"author":1,"featured_media":0,"parent":0,"menu_order":0,"comment_status":"closed","ping_status":"closed","template":"100-width.php","meta":[],"_links":{"self":[{"href":"https:\/\/coletti.com.tr\/tr\/wp-json\/wp\/v2\/pages\/1074"}],"collection":[{"href":"https:\/\/coletti.com.tr\/tr\/wp-json\/wp\/v2\/pages"}],"about":[{"href":"https:\/\/coletti.com.tr\/tr\/wp-json\/wp\/v2\/types\/page"}],"author":[{"embeddable":true,"href":"https:\/\/coletti.com.tr\/tr\/wp-json\/wp\/v2\/users\/1"}],"replies":[{"embeddable":true,"href":"https:\/\/coletti.com.tr\/tr\/wp-json\/wp\/v2\/comments?post=1074"}],"version-history":[{"count":5,"href":"https:\/\/coletti.com.tr\/tr\/wp-json\/wp\/v2\/pages\/1074\/revisions"}],"predecessor-version":[{"id":1183,"href":"https:\/\/coletti.com.tr\/tr\/wp-json\/wp\/v2\/pages\/1074\/revisions\/1183"}],"wp:attachment":[{"href":"https:\/\/coletti.com.tr\/tr\/wp-json\/wp\/v2\/media?parent=1074"}],"curies":[{"name":"wp","href":"https:\/\/api.w.org\/{rel}","templated":true}]}}