{"id":1109,"date":"2020-12-03T16:41:04","date_gmt":"2020-12-03T13:41:04","guid":{"rendered":"http:\/\/coletti.com.tr\/?page_id=1109"},"modified":"2020-12-03T16:42:08","modified_gmt":"2020-12-03T13:42:08","slug":"kurumsal","status":"publish","type":"page","link":"https:\/\/coletti.com.tr\/tr\/kurumsal\/","title":{"rendered":"Kurumsal"},"content":{"rendered":"<p><div class=\"fusion-fullwidth fullwidth-box nonhundred-percent-fullwidth non-hundred-percent-height-scrolling\"  style='background-color: rgba(255,255,255,0);background-position: center center;background-repeat: no-repeat;padding-top:0px;padding-right:0px;padding-bottom:0px;padding-left:0px;'><div class=\"fusion-builder-row fusion-row \"><div  class=\"fusion-layout-column fusion_builder_column fusion_builder_column_1_1  fusion-one-full fusion-column-first fusion-column-last 1_1\"  style='margin-top:0px;margin-bottom:20px;'>\n\t\t\t\t\t<div class=\"fusion-column-wrapper\" style=\"padding: 0px 0px 0px 0px;background-position:left top;background-repeat:no-repeat;-webkit-background-size:cover;-moz-background-size:cover;-o-background-size:cover;background-size:cover;\"  data-bg-url=\"\">\n\t\t\t\t\t\t<div class=\"fusion-title title fusion-title-size-one\" style=\"margin-top:0px;margin-bottom:31px;\"><h1 class=\"title-heading-left\">Kurumsal<\/h1><div class=\"title-sep-container\"><div class=\"title-sep sep-single sep-solid\" style=\"border-color:#e0dede;\"><\/div><\/div><\/div><div class=\"fusion-clearfix\"><\/div>\n\n\t\t\t\t\t<\/div>\n\t\t\t\t<\/div><\/div><\/div><div class=\"fusion-fullwidth fullwidth-box nonhundred-percent-fullwidth non-hundred-percent-height-scrolling\"  style='background-color: rgba(255,255,255,0);background-position: center center;background-repeat: no-repeat;padding-top:0px;padding-right:0px;padding-bottom:0px;padding-left:0px;'><div class=\"fusion-builder-row fusion-row \"><div  class=\"fusion-layout-column fusion_builder_column fusion_builder_column_1_2  fusion-one-half fusion-column-first 1_2\"  style='margin-top:0px;margin-bottom:20px;width:50%;width:calc(50% - ( ( 4% ) * 0.5 ) );margin-right: 4%;'>\n\t\t\t\t\t<div class=\"fusion-column-wrapper\" style=\"padding: 0px 0px 0px 0px;background-position:left top;background-repeat:no-repeat;-webkit-background-size:cover;-moz-background-size:cover;-o-background-size:cover;background-size:cover;\"  data-bg-url=\"\">\n\t\t\t\t\t\t<div class=\"fusion-text\"><p><img class=\"alignnone size-full wp-image-520\" src=\"http:\/\/coletti.com.tr\/wp-content\/uploads\/2020\/11\/showroom-corporate-2.jpg\" alt=\"\" width=\"706\" height=\"650\" srcset=\"https:\/\/coletti.com.tr\/wp-content\/uploads\/2020\/11\/showroom-corporate-2-200x184.jpg 200w, https:\/\/coletti.com.tr\/wp-content\/uploads\/2020\/11\/showroom-corporate-2-300x276.jpg 300w, https:\/\/coletti.com.tr\/wp-content\/uploads\/2020\/11\/showroom-corporate-2-400x368.jpg 400w, https:\/\/coletti.com.tr\/wp-content\/uploads\/2020\/11\/showroom-corporate-2-600x552.jpg 600w, https:\/\/coletti.com.tr\/wp-content\/uploads\/2020\/11\/showroom-corporate-2.jpg 706w\" sizes=\"(max-width: 706px) 100vw, 706px\" \/><\/p>\n<\/div><div class=\"fusion-clearfix\"><\/div>\n\n\t\t\t\t\t<\/div>\n\t\t\t\t<\/div><div  class=\"fusion-layout-column fusion_builder_column fusion_builder_column_1_2  fusion-one-half fusion-column-last fusion-column-no-min-height 1_2\"  style='margin-top:0px;margin-bottom:20px;width:50%;width:calc(50% - ( ( 4% ) * 0.5 ) );'>\n\t\t\t\t\t<div class=\"fusion-column-wrapper\" style=\"padding: 0px 0px 0px 0px;background-position:left top;background-repeat:no-repeat;-webkit-background-size:cover;-moz-background-size:cover;-o-background-size:cover;background-size:cover;\"  data-bg-url=\"\">\n\t\t\t\t\t\t<div class=\"fusion-text\"><p><strong>Coletti Torosan\u00a0<\/strong> 1993 y\u0131l\u0131nda \u0130stanbul\/T\u00fcrkiye\u2019de kurulmu\u015f bir d\u0131\u015f giyim \u00fcreticisi firmad\u0131r. Coletti, Erkek ve Kad\u0131n d\u0131\u015f giyiminde ba\u015fl\u0131ca olarak mont, kaban, palto ve yelek gibi \u00fcr\u00fcnler \u00fcretmektedir. Y\u00fcksek kaliteli \u00fcr\u00fcn ve hizmet anlay\u0131\u015f\u0131yla 25 y\u0131ldan fazla s\u00fcredir bir\u00e7ok markan\u0131n \u00fcreticisi konumundad\u0131r.<\/p>\n<p>1500m2\u2019lik fabrikam\u0131z, \u0130stanbul\/Merter\u2019de bulunmaktad\u0131r. B\u00fct\u00fcn \u00fcretim birimlerimiz (modelhane, kesimhane, dikimhane, kalite kontrol) fabrikam\u0131z b\u00fcnyesinde bulunmaktad\u0131r. Ayl\u0131k \u00fcretim kapasitemiz 5.000 ile 7.000 adet aras\u0131ndad\u0131r.<\/p>\n<p>Koleksiyonumuzda 300\u2019den fazla model bulunmaktad\u0131r. M\u00fc\u015fterilerimiz, dilerlerse kendi modellerini getirebilir ve \u00fcrettirebilirler. \u0130sterlerse, koleksiyonumuzdaki modellerden esinlenip, kendilerine yepyeni bir koleksiyon olu\u015fturabilirler.<\/p>\n<p>Tecr\u00fcbemiz ve y\u00fcksek kalite anlay\u0131\u015f\u0131m\u0131z sayesinde, d\u00fcnyan\u0131n bir\u00e7ok b\u00f6lgesinden m\u00fc\u015fterilerimiz bulunmaktad\u0131r. Ba\u015fl\u0131ca \u00e7al\u0131\u015ft\u0131\u011f\u0131m\u0131z \u00fclkeler: Almanya, Bulgaristan, Fransa, G\u00fcney Afrika, \u0130talya ve Rusya\u2019d\u0131r.<\/p>\n<\/div><div class=\"fusion-modal modal fade modal-1 wed\" tabindex=\"-1\" role=\"dialog\" aria-labelledby=\"modal-heading-1\" aria-hidden=\"true\"><style type=\"text\/css\">.modal-1 .modal-header, .modal-1 .modal-footer{border-color:#ebebeb;}<\/style><div class=\"modal-dialog modal-lg\"><div class=\"modal-content fusion-modal-content\" style=\"background-color:#f6f6f6\"><div class=\"modal-header\"><button class=\"close\" type=\"button\" data-dismiss=\"modal\" aria-hidden=\"true\">&times;<\/button><h3 class=\"modal-title\" id=\"modal-heading-1\" data-dismiss=\"modal\" aria-hidden=\"true\">wqedweqfwfvwef<\/h3><\/div><div class=\"modal-body\">\n<p>sdfgdf gs dfgsdfh sfh sgh<\/p>\n<\/div><div class=\"modal-footer\"><a class=\"fusion-button button-default button-medium button default medium\" data-dismiss=\"modal\">Close<\/a><\/div><\/div><\/div><\/div><div class=\"fusion-clearfix\"><\/div>\n\n\t\t\t\t\t<\/div>\n\t\t\t\t<\/div><\/div><\/div><\/p>\n","protected":false},"excerpt":{"rendered":"","protected":false},"author":1,"featured_media":0,"parent":0,"menu_order":0,"comment_status":"closed","ping_status":"closed","template":"","meta":[],"_links":{"self":[{"href":"https:\/\/coletti.com.tr\/tr\/wp-json\/wp\/v2\/pages\/1109"}],"collection":[{"href":"https:\/\/coletti.com.tr\/tr\/wp-json\/wp\/v2\/pages"}],"about":[{"href":"https:\/\/coletti.com.tr\/tr\/wp-json\/wp\/v2\/types\/page"}],"author":[{"embeddable":true,"href":"https:\/\/coletti.com.tr\/tr\/wp-json\/wp\/v2\/users\/1"}],"replies":[{"embeddable":true,"href":"https:\/\/coletti.com.tr\/tr\/wp-json\/wp\/v2\/comments?post=1109"}],"version-history":[{"count":3,"href":"https:\/\/coletti.com.tr\/tr\/wp-json\/wp\/v2\/pages\/1109\/revisions"}],"predecessor-version":[{"id":1112,"href":"https:\/\/coletti.com.tr\/tr\/wp-json\/wp\/v2\/pages\/1109\/revisions\/1112"}],"wp:attachment":[{"href":"https:\/\/coletti.com.tr\/tr\/wp-json\/wp\/v2\/media?parent=1109"}],"curies":[{"name":"wp","href":"https:\/\/api.w.org\/{rel}","templated":true}]}}