{"id":1130,"date":"2020-12-03T17:36:42","date_gmt":"2020-12-03T14:36:42","guid":{"rendered":"http:\/\/coletti.com.tr\/?page_id=1130"},"modified":"2020-12-08T18:04:25","modified_gmt":"2020-12-08T15:04:25","slug":"urun-deposu-ve-lojistik","status":"publish","type":"page","link":"https:\/\/coletti.com.tr\/tr\/urun-deposu-ve-lojistik\/","title":{"rendered":"\u00dcr\u00fcn Deposu ve Lojistik"},"content":{"rendered":"<div class=\"fusion-fullwidth fullwidth-box nonhundred-percent-fullwidth non-hundred-percent-height-scrolling\"  style='background-color: rgba(255,255,255,0);background-position: center center;background-repeat: no-repeat;padding-top:0px;padding-right:0px;padding-bottom:0px;padding-left:0px;'><div class=\"fusion-builder-row fusion-row \"><div  class=\"fusion-layout-column fusion_builder_column fusion_builder_column_2_3  fusion-two-third fusion-column-first 2_3\"  style='margin-top:0px;margin-bottom:20px;width:66.66%;width:calc(66.66% - ( ( 4% ) * 0.6666 ) );margin-right: 4%;'>\n\t\t\t\t\t<div class=\"fusion-column-wrapper\" style=\"padding: 0px 0px 0px 0px;background-position:left top;background-repeat:no-repeat;-webkit-background-size:cover;-moz-background-size:cover;-o-background-size:cover;background-size:cover;\"  data-bg-url=\"\">\n\t\t\t\t\t\t<div class=\"fusion-title title fusion-title-size-one\" style=\"margin-top:0px;margin-bottom:31px;\"><h1 class=\"title-heading-left\">\u00dcr\u00fcn Deposu ve Lojistik<\/h1><div class=\"title-sep-container\"><div class=\"title-sep sep-single sep-solid\" style=\"border-color:#e0dede;\"><\/div><\/div><\/div><div class=\"fusion-text\"><p>Depomuz fabrikam\u0131z\u0131n i\u00e7erisinde bulunmaktad\u0131r. Kalite Kontrol Departman\u0131\u2019m\u0131z\u0131n onay\u0131n\u0131 ald\u0131ktan sonra, \u00fcr\u00fcnler depomuzda muhafaza edilmektedir.<\/p>\n<\/div><div class=\"fusion-image-carousel fusion-image-carousel-auto lightbox-enabled fusion-carousel-border\"><div class=\"fusion-carousel\" data-autoplay=\"yes\" data-columns=\"5\" data-itemmargin=\"13\" data-itemwidth=\"180\" data-touchscroll=\"no\" data-imagesize=\"auto\"><div class=\"fusion-carousel-positioner\"><ul class=\"fusion-carousel-holder\"><li class=\"fusion-carousel-item\"><div class=\"fusion-carousel-item-wrapper\"><div class=\"fusion-image-wrapper hover-type-zoomin\"><a data-rel=\"iLightbox[gallery_image_1]\" data-title=\"depo-warehouse\" aria-label=\"depo-warehouse\" href=\"http:\/\/coletti.com.tr\/wp-content\/uploads\/2020\/10\/depo-warehouse.jpg\" target=\"_self\"><img width=\"1200\" height=\"800\" src=\"https:\/\/coletti.com.tr\/wp-content\/uploads\/2020\/10\/depo-warehouse.jpg\" class=\"attachment-full size-full\" alt=\"\" srcset=\"https:\/\/coletti.com.tr\/wp-content\/uploads\/2020\/10\/depo-warehouse-200x133.jpg 200w, https:\/\/coletti.com.tr\/wp-content\/uploads\/2020\/10\/depo-warehouse-300x200.jpg 300w, https:\/\/coletti.com.tr\/wp-content\/uploads\/2020\/10\/depo-warehouse-400x267.jpg 400w, https:\/\/coletti.com.tr\/wp-content\/uploads\/2020\/10\/depo-warehouse-600x400.jpg 600w, https:\/\/coletti.com.tr\/wp-content\/uploads\/2020\/10\/depo-warehouse-768x512.jpg 768w, https:\/\/coletti.com.tr\/wp-content\/uploads\/2020\/10\/depo-warehouse-800x533.jpg 800w, https:\/\/coletti.com.tr\/wp-content\/uploads\/2020\/10\/depo-warehouse-1024x683.jpg 1024w, https:\/\/coletti.com.tr\/wp-content\/uploads\/2020\/10\/depo-warehouse.jpg 1200w\" sizes=\"(max-width: 1200px) 100vw, 1200px\" \/><\/a><\/div><\/div><\/li><\/ul><div class=\"fusion-carousel-nav\"><span class=\"fusion-nav-prev\"><\/span><span class=\"fusion-nav-next\"><\/span><\/div><\/div><\/div><\/div><div class=\"fusion-clearfix\"><\/div>\n\n\t\t\t\t\t<\/div>\n\t\t\t\t<\/div><div  class=\"fusion-layout-column fusion_builder_column fusion_builder_column_1_3  fusion-one-third fusion-column-last 1_3\"  style='margin-top:0px;margin-bottom:20px;width:33.33%;width:calc(33.33% - ( ( 4% ) * 0.3333 ) );'>\n\t\t\t\t\t<div class=\"fusion-column-wrapper\" style=\"padding: 0px 0px 0px 0px;background-position:left top;background-repeat:no-repeat;-webkit-background-size:cover;-moz-background-size:cover;-o-background-size:cover;background-size:cover;\"  data-bg-url=\"\">\n\t\t\t\t\t\t<div class=\"fusion-title title fusion-title-size-two\" style=\"margin-top:0px;margin-bottom:31px;\"><h2 class=\"title-heading-left\">\u00dcretim S\u00fcre\u00e7leri<\/h2><div class=\"title-sep-container\"><div class=\"title-sep sep-single sep-solid\" style=\"border-color:#e0dede;\"><\/div><\/div><\/div><div class=\"fusion-widget-area fusion-widget-area-1 fusion-content-widget-area\"><style type=\"text\/css\" scoped=\"scoped\">.fusion-widget-area-1 {padding:0px 0px 0px 0px;}.fusion-widget-area-1 .widget h4 {color:#333333;}.fusion-widget-area-1 .widget .heading h4 {color:#333333;}<\/style><div id=\"nav_menu-3\" class=\"widget widget_nav_menu\"><\/div><div class=\"fusion-additional-widget-content\"><\/div><\/div><div class=\"fusion-clearfix\"><\/div>\n\n\t\t\t\t\t<\/div>\n\t\t\t\t<\/div><\/div><\/div>\n","protected":false},"excerpt":{"rendered":"","protected":false},"author":1,"featured_media":0,"parent":0,"menu_order":0,"comment_status":"closed","ping_status":"closed","template":"","meta":[],"_links":{"self":[{"href":"https:\/\/coletti.com.tr\/tr\/wp-json\/wp\/v2\/pages\/1130"}],"collection":[{"href":"https:\/\/coletti.com.tr\/tr\/wp-json\/wp\/v2\/pages"}],"about":[{"href":"https:\/\/coletti.com.tr\/tr\/wp-json\/wp\/v2\/types\/page"}],"author":[{"embeddable":true,"href":"https:\/\/coletti.com.tr\/tr\/wp-json\/wp\/v2\/users\/1"}],"replies":[{"embeddable":true,"href":"https:\/\/coletti.com.tr\/tr\/wp-json\/wp\/v2\/comments?post=1130"}],"version-history":[{"count":4,"href":"https:\/\/coletti.com.tr\/tr\/wp-json\/wp\/v2\/pages\/1130\/revisions"}],"predecessor-version":[{"id":1186,"href":"https:\/\/coletti.com.tr\/tr\/wp-json\/wp\/v2\/pages\/1130\/revisions\/1186"}],"wp:attachment":[{"href":"https:\/\/coletti.com.tr\/tr\/wp-json\/wp\/v2\/media?parent=1130"}],"curies":[{"name":"wp","href":"https:\/\/api.w.org\/{rel}","templated":true}]}}